{"id":756,"date":"2025-04-11T23:10:22","date_gmt":"2025-04-11T21:10:22","guid":{"rendered":"https:\/\/dronebreakers.com\/?page_id=756"},"modified":"2025-05-10T19:00:15","modified_gmt":"2025-05-10T17:00:15","slug":"o-nas","status":"publish","type":"page","link":"https:\/\/dronebreakers.com\/pl\/o-nas\/","title":{"rendered":"O nas"},"content":{"rendered":"\n<div class=\"wp-block-columns alignfull gutenify-section-8769dbb0-c455-11ee-8304-e5ca5421fcac is-layout-flex wp-container-core-columns-is-layout-297d5821 wp-block-columns-is-layout-flex gtfy-6\" style=\"margin-top:0;margin-bottom:0;padding-right:0%;padding-left:0%\">\n<div data-aos-duration=\"1000\" class=\"wp-block-column is-vertically-aligned-center gutenify-section-87682e00-c455-11ee-8304-e5ca5421fcac is-layout-flow wp-block-column-is-layout-flow gtfy-3\">\n<p class=\"gutenify-section-8767b8d0-c455-11ee-8304-e5ca5421fcac has-foreground-color has-text-color has-medium-font-size gtfy-1\">Za DroneBreakers stoj\u0105 ludzie \u2013 z pasj\u0105 do filmowania i fotografii, zafascynowani ruchem, przestrzeni\u0105 i mo\u017cliwo\u015bciami, jakie daje technologia. Szybko odkryli\u015bmy, \u017ce opowiadanie historii obrazem i d\u017awi\u0119kiem oraz \u0142apanie chwil z zupe\u0142nie innej perspektywy przynosi nam mn\u00f3stwo rado\u015bci.<\/p>\n\n\n\n<p class=\"gutenify-section-8767b8d0-c455-11ee-8304-e5ca5421fcac has-foreground-color has-text-color has-medium-font-size gtfy-2\">Na co dzie\u0144 jeste\u015bmy nie tylko realizatorami i pilotami dron\u00f3w, ale te\u017c marzycielami z wra\u017cliwo\u015bci\u0105 na sztuk\u0119 i emocje. Kochamy to, co robimy \u2013 dlatego ka\u017cdy projekt traktujemy jak co\u015b osobistego. Niezale\u017cnie od tego, czy filmujemy ma\u0142y event, czy du\u017c\u0105 kampani\u0119 \u2013 anga\u017cujemy si\u0119 na 100%, bo wierzymy, \u017ce jako\u015b\u0107 zaczyna si\u0119 od relacji i autentycznego zaanga\u017cowania.<\/p>\n<\/div>\n\n\n\n<div class=\"wp-block-column is-vertically-aligned-center gutenify-section-87698d90-c455-11ee-8304-e5ca5421fcac is-layout-flow wp-block-column-is-layout-flow gtfy-5\">\n<figure class=\"wp-block-image size-large gtfy-4\"><img decoding=\"async\" width=\"1024\" height=\"576\" data-src=\"https:\/\/dronebreakers.com\/wp-content\/uploads\/2025\/04\/DJI_0029-Enhanced-NR-1024x576.jpg\" alt=\"\" class=\"wp-image-705 lazyload\" data-srcset=\"https:\/\/dronebreakers.com\/wp-content\/uploads\/2025\/04\/DJI_0029-Enhanced-NR-1024x576.jpg 1024w, https:\/\/dronebreakers.com\/wp-content\/uploads\/2025\/04\/DJI_0029-Enhanced-NR-300x169.jpg 300w, https:\/\/dronebreakers.com\/wp-content\/uploads\/2025\/04\/DJI_0029-Enhanced-NR-768x432.jpg 768w, https:\/\/dronebreakers.com\/wp-content\/uploads\/2025\/04\/DJI_0029-Enhanced-NR-1536x864.jpg 1536w, https:\/\/dronebreakers.com\/wp-content\/uploads\/2025\/04\/DJI_0029-Enhanced-NR-2048x1152.jpg 2048w\" data-sizes=\"(max-width: 1024px) 100vw, 1024px\" src=\"data:image\/svg+xml;base64,PHN2ZyB3aWR0aD0iMSIgaGVpZ2h0PSIxIiB4bWxucz0iaHR0cDovL3d3dy53My5vcmcvMjAwMC9zdmciPjwvc3ZnPg==\" style=\"--smush-placeholder-width: 1024px; --smush-placeholder-aspect-ratio: 1024\/576;\" \/><\/figure>\n<\/div>\n<\/div>\n\n\n\n<p class=\"gtfy-9\"><\/p>\n","protected":false},"excerpt":{"rendered":"<p>Za DroneBreakers stoj\u0105 ludzie \u2013 z pasj\u0105 do filmowania i fotografii, zafascynowani ruchem, przestrzeni\u0105 i [&hellip;]<\/p>\n","protected":false},"author":1,"featured_media":0,"parent":0,"menu_order":0,"comment_status":"closed","ping_status":"closed","template":"","meta":{"footnotes":""},"class_list":["post-756","page","type-page","status-publish","hentry"],"_links":{"self":[{"href":"https:\/\/dronebreakers.com\/pl\/wp-json\/wp\/v2\/pages\/756","targetHints":{"allow":["GET"]}}],"collection":[{"href":"https:\/\/dronebreakers.com\/pl\/wp-json\/wp\/v2\/pages"}],"about":[{"href":"https:\/\/dronebreakers.com\/pl\/wp-json\/wp\/v2\/types\/page"}],"author":[{"embeddable":true,"href":"https:\/\/dronebreakers.com\/pl\/wp-json\/wp\/v2\/users\/1"}],"replies":[{"embeddable":true,"href":"https:\/\/dronebreakers.com\/pl\/wp-json\/wp\/v2\/comments?post=756"}],"version-history":[{"count":12,"href":"https:\/\/dronebreakers.com\/pl\/wp-json\/wp\/v2\/pages\/756\/revisions"}],"predecessor-version":[{"id":1098,"href":"https:\/\/dronebreakers.com\/pl\/wp-json\/wp\/v2\/pages\/756\/revisions\/1098"}],"wp:attachment":[{"href":"https:\/\/dronebreakers.com\/pl\/wp-json\/wp\/v2\/media?parent=756"}],"curies":[{"name":"wp","href":"https:\/\/api.w.org\/{rel}","templated":true}]}}