{"id":81,"date":"2022-10-29T16:00:28","date_gmt":"2022-10-29T16:00:28","guid":{"rendered":"https:\/\/dronebreakers.com\/?page_id=81"},"modified":"2026-03-30T14:54:25","modified_gmt":"2026-03-30T12:54:25","slug":"home","status":"publish","type":"page","link":"https:\/\/dronebreakers.com\/pl\/","title":{"rendered":"Strona domowa"},"content":{"rendered":"\n<header class=\"wp-block-group alignfull gutenify-section-87643660-c455-11ee-8304-e5ca5421fcac is-layout-flow wp-block-group-is-layout-flow gtfy-8\" style=\"padding-top:0;padding-right:0;padding-bottom:0px\">\n<div class=\"wp-block-cover is-light gtfy-7\" style=\"min-height:95vh;aspect-ratio:unset;\"><video class=\"wp-block-cover__video-background intrinsic-ignore\" autoplay muted loop playsinline src=\"https:\/\/dronebreakers.com\/wp-content\/uploads\/2025\/04\/wearedronebreakers.mp4\" style=\"object-position:50% 50%\" data-object-fit=\"cover\" data-object-position=\"50% 50%\"><\/video><span aria-hidden=\"true\" class=\"wp-block-cover__background has-background-secondary-background-color has-background-dim\"><\/span><div class=\"wp-block-cover__inner-container is-layout-constrained wp-block-cover-is-layout-constrained\">\n<p class=\"justify-text gutenify-section-8769dbb0-c455-11ee-8304-e5ca5421fcac has-foreground-color has-text-color has-link-color has-large-font-size wp-elements-c0204813c725af89fe030ed4353ea5db gtfy-1\">Jeste\u015bmy tw\u00f3rcami wideo i fotografami z kilkuletnim do\u015bwiadczeniem.<\/p>\n\n\n\n<p class=\"justify-text gutenify-section-8769dbb0-c455-11ee-8304-e5ca5421fcac has-foreground-color has-text-color has-link-color has-large-font-size wp-elements-364249ba2ff8ac71fc56448d588387be gtfy-2\">Realizujemy kreatywne projekty z ziemi i powietrza \u2013 z pe\u0142nym zaanga\u017cowaniem. Ka\u017cd\u0105 wsp\u00f3\u0142prac\u0119 wyceniamy indywidualnie.<\/p>\n\n\n\n<p class=\"has-text-align-center justify-text gutenify-section-8769dbb0-c455-11ee-8304-e5ca5421fcac has-foreground-color has-text-color has-link-color has-large-font-size wp-elements-ce8aa31002f5f9d929628182d1f8efb4 gtfy-3\"><em><strong>We are the DroneBreakers!<\/strong><\/em><\/p>\n\n\n\n<div class=\"wp-block-buttons is-content-justification-center is-layout-flex wp-container-core-buttons-is-layout-ccccae50 wp-block-buttons-is-layout-flex gtfy-6\" style=\"padding-top:var(--wp--preset--spacing--50);padding-bottom:var(--wp--preset--spacing--50)\">\n<div class=\"wp-block-button gtfy-4\"><a class=\"wp-block-button__link wp-element-button\" href=\"https:\/\/dronebreakers.com\/oferta\/\">Oferta<\/a><\/div>\n\n\n\n<div class=\"wp-block-button gtfy-5\"><a class=\"wp-block-button__link wp-element-button\" href=\"https:\/\/dronebreakers.com\/portfolio\/\">Portfolio<\/a><\/div>\n<\/div>\n<\/div><\/div>\n<\/header>\n\n\n\n<p class=\"gtfy-11\"><\/p>\n","protected":false},"excerpt":{"rendered":"","protected":false},"author":1,"featured_media":0,"parent":0,"menu_order":0,"comment_status":"closed","ping_status":"closed","template":"page-no-title","meta":{"footnotes":""},"class_list":["post-81","page","type-page","status-publish","hentry"],"_links":{"self":[{"href":"https:\/\/dronebreakers.com\/pl\/wp-json\/wp\/v2\/pages\/81","targetHints":{"allow":["GET"]}}],"collection":[{"href":"https:\/\/dronebreakers.com\/pl\/wp-json\/wp\/v2\/pages"}],"about":[{"href":"https:\/\/dronebreakers.com\/pl\/wp-json\/wp\/v2\/types\/page"}],"author":[{"embeddable":true,"href":"https:\/\/dronebreakers.com\/pl\/wp-json\/wp\/v2\/users\/1"}],"replies":[{"embeddable":true,"href":"https:\/\/dronebreakers.com\/pl\/wp-json\/wp\/v2\/comments?post=81"}],"version-history":[{"count":246,"href":"https:\/\/dronebreakers.com\/pl\/wp-json\/wp\/v2\/pages\/81\/revisions"}],"predecessor-version":[{"id":1157,"href":"https:\/\/dronebreakers.com\/pl\/wp-json\/wp\/v2\/pages\/81\/revisions\/1157"}],"wp:attachment":[{"href":"https:\/\/dronebreakers.com\/pl\/wp-json\/wp\/v2\/media?parent=81"}],"curies":[{"name":"wp","href":"https:\/\/api.w.org\/{rel}","templated":true}]}}