{"id":822,"date":"2025-04-13T23:31:56","date_gmt":"2025-04-13T21:31:56","guid":{"rendered":"https:\/\/dronebreakers.com\/?page_id=822"},"modified":"2026-04-10T15:56:14","modified_gmt":"2026-04-10T13:56:14","slug":"oferta","status":"publish","type":"page","link":"https:\/\/dronebreakers.com\/pl\/oferta\/","title":{"rendered":"Oferta"},"content":{"rendered":"\n<div class=\"wp-block-group alignfull gutenify-section-876a02c0-c455-11ee-8304-e5ca5421fcac is-layout-flow wp-block-group-is-layout-flow gtfy-32\" style=\"padding-right:0;padding-left:0\">\n<p class=\"has-text-align-left gutenify-section-8767b8d0-c455-11ee-8304-e5ca5421fcac has-foreground-color has-text-color has-medium-font-size gtfy-1\">Jako <strong>DroneBreakers<\/strong> specjalizujemy si\u0119 zar\u00f3wno w dynamicznych jak i statycznych uj\u0119ciach z ziemi, dronami FPV i filmowymi. Nasz\u0105 misj\u0105 jest pomoc artystom, miejscom i markom w wyr\u00f3\u017cnieniu si\u0119 za pomoc\u0105 obrazu.<\/p>\n\n\n\n<p class=\"has-text-align-left gutenify-section-8767b8d0-c455-11ee-8304-e5ca5421fcac has-foreground-color has-text-color has-medium-font-size gtfy-2\">\u0141\u0105czymy nowoczesn\u0105 technologi\u0119 z filmowym wyczuciem, tworz\u0105c uj\u0119cia, kt\u00f3re budz\u0105 emocje. Wszystkie produkcje realizujemy od pomys\u0142u po finalny monta\u017c.&nbsp;Oferujemy tak\u017ce transmisje na \u017cywo, zar\u00f3wno ze stacjonarnej kamery, jak i z drona.<\/p>\n\n\n\n<h2 class=\"wp-block-heading gutenify-section-36af6310-c447-11ee-9267-1bd0966450ed has-text-color gtfy-3\" style=\"color:#f06200;margin-bottom:5px\">Czym si\u0119 zajmujemy?<\/h2>\n\n\n\n<p class=\"has-text-align-left gutenify-section-8767b8d0-c455-11ee-8304-e5ca5421fcac has-foreground-color has-text-color has-medium-font-size gtfy-4\">Uwielbiamy r\u00f3\u017cnorodno\u015b\u0107 \u2013 to ona nap\u0119dza nasz\u0105 kreatywno\u015b\u0107. Pracujemy tam, gdzie dzieje si\u0119 co\u015b ciekawego: na scenie, w g\u00f3rach, w miejskim zgie\u0142ku i w spokojnym hotelowym patio. Zawsze z kamer\u0105 \u2013 czasem na dronie, czasem w r\u0119ce \u2013 ale nieustannie z g\u0142ow\u0105 pe\u0142n\u0105 pomys\u0142\u00f3w.<\/p>\n\n\n\n<div class=\"wp-block-group is-layout-flow wp-block-group-is-layout-flow gtfy-13\">\n<div class=\"wp-block-columns is-layout-flex wp-container-core-columns-is-layout-28f84493 wp-block-columns-is-layout-flex gtfy-12\">\n<div class=\"wp-block-column is-vertically-aligned-center is-layout-flow wp-container-core-column-is-layout-5d8b474c wp-block-column-is-layout-flow gtfy-9\" style=\"padding-top:0;padding-right:0;padding-bottom:0;padding-left:0\">\n<h3 class=\"wp-block-heading gutenify-section-36af6310-c447-11ee-9267-1bd0966450ed has-text-color gtfy-5\" style=\"color:#f06200;margin-bottom:0px\">\ud83c\udfad Wydarzenia i kultura<\/h3>\n\n\n\n<p class=\"has-text-align-left gutenify-section-8767b8d0-c455-11ee-8304-e5ca5421fcac has-foreground-color has-text-color has-medium-font-size gtfy-6\">Rejestrujemy koncerty, spektakle i eventy \u2013 od kameralnych wyst\u0119p\u00f3w po festiwale. Cz\u0119sto pracujemy z wieloma kamerami i wsp\u00f3\u0142pracujemy z realizatorami d\u017awi\u0119ku, by odda\u0107 klimat chwili jak najpe\u0142niej.<\/p>\n\n\n\n<h3 class=\"wp-block-heading gutenify-section-36af6310-c447-11ee-9267-1bd0966450ed has-text-color gtfy-7\" style=\"color:#f06200;margin-bottom:0px\">\ud83c\udf0d Turystyka i lifestyle<\/h3>\n\n\n\n<p class=\"has-text-align-left gutenify-section-8767b8d0-c455-11ee-8304-e5ca5421fcac has-foreground-color has-text-color has-medium-font-size gtfy-8\">Pokazujemy miejsca tak, by chcia\u0142o si\u0119 do nich pojecha\u0107. Hotele, miasta, szlaki, morze, g\u00f3ry \u2013 kr\u0119cimy materia\u0142y promocyjne, kt\u00f3re opowiadaj\u0105 historie i zapraszaj\u0105 do odkrywania.<\/p>\n<\/div>\n\n\n\n<div class=\"wp-block-column is-layout-flow wp-block-column-is-layout-flow gtfy-11\">\n<figure class=\"wp-block-image aligncenter size-large gtfy-10\"><img decoding=\"async\" width=\"1024\" height=\"576\" data-src=\"https:\/\/dronebreakers.com\/wp-content\/uploads\/2025\/04\/DSC5110-Enhanced-NR-1024x576.jpg\" alt=\"\" class=\"wp-image-938 lazyload\" style=\"--smush-placeholder-width: 1024px; --smush-placeholder-aspect-ratio: 1024\/576;aspect-ratio:16\/9;object-fit:cover\" data-srcset=\"https:\/\/dronebreakers.com\/wp-content\/uploads\/2025\/04\/DSC5110-Enhanced-NR-1024x576.jpg 1024w, https:\/\/dronebreakers.com\/wp-content\/uploads\/2025\/04\/DSC5110-Enhanced-NR-1536x864.jpg 1536w, https:\/\/dronebreakers.com\/wp-content\/uploads\/2025\/04\/DSC5110-Enhanced-NR-2048x1152.jpg 2048w, https:\/\/dronebreakers.com\/wp-content\/uploads\/2025\/04\/DSC5110-Enhanced-NR-300x169.jpg 300w, https:\/\/dronebreakers.com\/wp-content\/uploads\/2025\/04\/DSC5110-Enhanced-NR-768x432.jpg 768w\" data-sizes=\"(max-width: 1024px) 100vw, 1024px\" src=\"data:image\/svg+xml;base64,PHN2ZyB3aWR0aD0iMSIgaGVpZ2h0PSIxIiB4bWxucz0iaHR0cDovL3d3dy53My5vcmcvMjAwMC9zdmciPjwvc3ZnPg==\" \/><\/figure>\n<\/div>\n<\/div>\n<\/div>\n\n\n\n<div class=\"wp-block-group is-layout-flow wp-block-group-is-layout-flow gtfy-22\">\n<div class=\"wp-block-columns is-layout-flex wp-container-core-columns-is-layout-28f84493 wp-block-columns-is-layout-flex gtfy-21\">\n<div class=\"wp-block-column is-layout-flow wp-block-column-is-layout-flow gtfy-15\">\n<figure class=\"wp-block-image aligncenter size-large gtfy-14\"><img decoding=\"async\" width=\"1024\" height=\"576\" data-src=\"https:\/\/dronebreakers.com\/wp-content\/uploads\/2025\/04\/IGP6528-1024x576.jpg\" alt=\"\" class=\"wp-image-934 lazyload\" style=\"--smush-placeholder-width: 1024px; --smush-placeholder-aspect-ratio: 1024\/576;aspect-ratio:16\/9;object-fit:cover\" data-srcset=\"https:\/\/dronebreakers.com\/wp-content\/uploads\/2025\/04\/IGP6528-1024x576.jpg 1024w, https:\/\/dronebreakers.com\/wp-content\/uploads\/2025\/04\/IGP6528-1536x864.jpg 1536w, https:\/\/dronebreakers.com\/wp-content\/uploads\/2025\/04\/IGP6528-2048x1152.jpg 2048w, https:\/\/dronebreakers.com\/wp-content\/uploads\/2025\/04\/IGP6528-300x169.jpg 300w, https:\/\/dronebreakers.com\/wp-content\/uploads\/2025\/04\/IGP6528-768x432.jpg 768w\" data-sizes=\"(max-width: 1024px) 100vw, 1024px\" src=\"data:image\/svg+xml;base64,PHN2ZyB3aWR0aD0iMSIgaGVpZ2h0PSIxIiB4bWxucz0iaHR0cDovL3d3dy53My5vcmcvMjAwMC9zdmciPjwvc3ZnPg==\" \/><\/figure>\n<\/div>\n\n\n\n<div class=\"wp-block-column is-vertically-aligned-center is-layout-flow wp-container-core-column-is-layout-5d8b474c wp-block-column-is-layout-flow gtfy-20\" style=\"padding-top:0;padding-right:0;padding-bottom:0;padding-left:0\">\n<h3 class=\"wp-block-heading gutenify-section-36af6310-c447-11ee-9267-1bd0966450ed has-text-color gtfy-16\" style=\"color:#f06200;margin-bottom:0px\">\ud83c\udfc3\u200d\u2642\ufe0f Sport i aktywno\u015bci<\/h3>\n\n\n\n<p class=\"has-text-align-left gutenify-section-8767b8d0-c455-11ee-8304-e5ca5421fcac has-foreground-color has-text-color has-medium-font-size gtfy-17\">Lecimy tam, gdzie jest ruch, pasja i adrenalina. Uwielbiamy filmowa\u0107 wydarzenia sportowe, rywalizacj\u0119 i momenty, w kt\u00f3rych ludzie przekraczaj\u0105 w\u0142asne granice. Tam, gdzie liczy si\u0119 ka\u017cda sekunda, a napi\u0119cie wisi w powietrzu \u2013 w\u0142a\u015bnie tam jeste\u015bmy z kamer\u0105.<\/p>\n\n\n\n<h3 class=\"wp-block-heading gutenify-section-36af6310-c447-11ee-9267-1bd0966450ed has-text-color gtfy-18\" style=\"color:#f06200;margin-bottom:0px\">\ud83c\udfac Projekty kreatywne i komercyjne<\/h3>\n\n\n\n<p class=\"has-text-align-left gutenify-section-8767b8d0-c455-11ee-8304-e5ca5421fcac has-foreground-color has-text-color has-medium-font-size gtfy-19\">Robimy teledyski, reklamy (us\u0142ugi, biura nieruchomo\u015bci, deweloperzy, itp.), content do social medi\u00f3w i wszystko, co wymaga \u015bwie\u017cego spojrzenia i niestandardowego podej\u015bcia. Czasem powa\u017cnie, czasem z przymru\u017ceniem oka \u2013 ale zawsze z sercem.<\/p>\n<\/div>\n<\/div>\n<\/div>\n\n\n\n<div class=\"wp-block-group is-layout-flow wp-block-group-is-layout-flow gtfy-31\">\n<div class=\"wp-block-columns is-layout-flex wp-container-core-columns-is-layout-28f84493 wp-block-columns-is-layout-flex gtfy-30\">\n<div class=\"wp-block-column is-vertically-aligned-center is-layout-flow wp-container-core-column-is-layout-5d8b474c wp-block-column-is-layout-flow gtfy-27\" style=\"padding-top:0;padding-right:0;padding-bottom:0;padding-left:0\">\n<h3 class=\"wp-block-heading gutenify-section-36af6310-c447-11ee-9267-1bd0966450ed has-text-color gtfy-23\" style=\"color:#f06200;margin-bottom:0px\">Uprawnienia<\/h3>\n\n\n\n<div class=\"has-text-align-left gutenify-section-8767b8d0-c455-11ee-8304-e5ca5421fcac has-foreground-color has-text-color has-medium-font-size gtfy-24\">\nPosiadamy uprawnienia do lot\u00f3w w: \n<ul>\n<li>\ud83c\uddea\ud83c\uddfa ca\u0142ej Unii Europejskiej (A1, A2, A3)<\/li>\n<li>\ud83c\uddf5\ud83c\uddf1 Polsce (NSTS-01)<\/li>\n<li>\ud83c\uddec\ud83c\udde7 Wielkiej Brytanii (CAA)<\/li>\n<\/ul>\nKa\u017cdy projekt realizujemy zgodnie z obowi\u0105zuj\u0105cymi przepisami.\n<\/div>\n\n\n\n<h2 class=\"wp-block-heading gutenify-section-36af6310-c447-11ee-9267-1bd0966450ed has-text-color gtfy-25\" style=\"color:#f06200;margin-bottom:5px\">Cena?<\/h2>\n\n\n\n<p class=\"gutenify-section-36af6311-c447-11ee-9267-1bd0966450ed has-foreground-color has-text-color gtfy-26\">Zapraszamy do kontaktu, wszelkie pomys\u0142y, realizacje rozpatrujemy indywidualnie.<\/p>\n<\/div>\n\n\n\n<div class=\"wp-block-column is-layout-flow wp-block-column-is-layout-flow gtfy-29\">\n<figure class=\"wp-block-image aligncenter size-large gtfy-28\"><img decoding=\"async\" width=\"1024\" height=\"576\" data-src=\"https:\/\/dronebreakers.com\/wp-content\/uploads\/2025\/04\/P5110123-1024x576.jpg\" alt=\"Zdj\u0119cie drona o wschodzie s\u0142o\u0144ca\" class=\"wp-image-719 lazyload\" style=\"--smush-placeholder-width: 1024px; --smush-placeholder-aspect-ratio: 1024\/576;aspect-ratio:16\/9;object-fit:cover\" data-srcset=\"https:\/\/dronebreakers.com\/wp-content\/uploads\/2025\/04\/P5110123-1024x576.jpg 1024w, https:\/\/dronebreakers.com\/wp-content\/uploads\/2025\/04\/P5110123-300x169.jpg 300w, https:\/\/dronebreakers.com\/wp-content\/uploads\/2025\/04\/P5110123-768x432.jpg 768w, https:\/\/dronebreakers.com\/wp-content\/uploads\/2025\/04\/P5110123-1536x864.jpg 1536w, https:\/\/dronebreakers.com\/wp-content\/uploads\/2025\/04\/P5110123-2048x1152.jpg 2048w\" data-sizes=\"(max-width: 1024px) 100vw, 1024px\" src=\"data:image\/svg+xml;base64,PHN2ZyB3aWR0aD0iMSIgaGVpZ2h0PSIxIiB4bWxucz0iaHR0cDovL3d3dy53My5vcmcvMjAwMC9zdmciPjwvc3ZnPg==\" \/><\/figure>\n<\/div>\n<\/div>\n<\/div>\n<\/div>\n\n\n\n<hr class=\"wp-block-separator has-text-color has-alpha-channel-opacity has-background gutenify-section-87656ee0-c455-11ee-8304-e5ca5421fcac is-style-wide gtfy-35\" style=\"background-color:#f06200;color:#f06200\"\/>\n\n\n\n<div class=\"wp-block-group gutenify-section-8764f9b0-c455-11ee-8304-e5ca5421fcac is-layout-flow wp-block-group-is-layout-flow gtfy-40\" style=\"padding-top:15px;padding-bottom:25px\">\n<h1 data-aos-duration=\"1000\" class=\"wp-block-heading has-text-align-center gutenify-section-87648480-c455-11ee-8304-e5ca5421fcac has-text-color has-huge-font-size gtfy-38\" id=\"nasze-zlecenia\" style=\"color:#f06200\">Przyk\u0142adowe realizacje<\/h1>\n\n\n\n<hr class=\"wp-block-separator has-text-color has-alpha-channel-opacity has-background is-style-wide gutenify-section-8764ab90-c455-11ee-8304-e5ca5421fcac gtfy-39\" style=\"background-color:#f06200;color:#f06200\"\/>\n<\/div>\n\n\n\n<section class=\"wp-block-group gutenify-section-876dd350-c455-11ee-8304-e5ca5421fcac is-layout-flow wp-block-group-is-layout-flow gtfy-62\" style=\"padding-right:0%;padding-left:0%\">\n<div class=\"wp-block-group alignfull gutenify-section-876a02c0-c455-11ee-8304-e5ca5421fcac is-layout-constrained wp-block-group-is-layout-constrained gtfy-52\">\n<h2 data-aos-duration=\"1000\" class=\"wp-block-heading has-text-align-center gutenify-section-876520c0-c455-11ee-8304-e5ca5421fcac has-text-color gtfy-43\" style=\"color:#f06200\">E1GOKART Chorz\u00f3w<\/h2>\n\n\n\n<hr class=\"wp-block-separator has-text-color has-alpha-channel-opacity has-background gutenify-section-87656ee0-c455-11ee-8304-e5ca5421fcac gtfy-44\" style=\"background-color:#f06200;color:#f06200\"\/>\n\n\n\n<div class=\"wp-block-columns alignfull gutenify-section-8769dbb0-c455-11ee-8304-e5ca5421fcac is-layout-flex wp-container-core-columns-is-layout-28f84493 wp-block-columns-is-layout-flex gtfy-51\">\n<div data-aos-duration=\"1000\" class=\"wp-block-column is-vertically-aligned-center gutenify-section-87682e00-c455-11ee-8304-e5ca5421fcac is-layout-flow wp-block-column-is-layout-flow gtfy-48\" style=\"padding-right:var(--wp--preset--spacing--40);padding-left:var(--wp--preset--spacing--40)\">\n<figure data-aos-duration=\"1000\" class=\"wp-block-image aligncenter size-medium is-resized gutenify-section-87676ab0-c455-11ee-8304-e5ca5421fcac gtfy-45\"><a href=\"https:\/\/chorzow.e1gokart.pl\/?gclid=Cj0KCQiAg_KbBhDLARIsANx7wAwj1JJJeBM-zfY-qrMqsj1FnKMf736-4cyKCzjh8Yhl6ldqE2HS0q4aAo76EALw_wcB\" target=\"_blank\" rel=\"noopener\"><img decoding=\"async\" width=\"300\" height=\"93\" data-src=\"https:\/\/dronebreakers.com\/wp-content\/uploads\/2022\/11\/E1Gokart_Logo_CzarneTlo_Claim_Nowe-300x93.png\" alt=\"\" class=\"wp-image-267 lazyload\" style=\"--smush-placeholder-width: 300px; --smush-placeholder-aspect-ratio: 300\/93;width:300px;height:93px\" data-srcset=\"https:\/\/dronebreakers.com\/wp-content\/uploads\/2022\/11\/E1Gokart_Logo_CzarneTlo_Claim_Nowe-300x93.png 300w, https:\/\/dronebreakers.com\/wp-content\/uploads\/2022\/11\/E1Gokart_Logo_CzarneTlo_Claim_Nowe-1024x317.png 1024w, https:\/\/dronebreakers.com\/wp-content\/uploads\/2022\/11\/E1Gokart_Logo_CzarneTlo_Claim_Nowe-768x238.png 768w, https:\/\/dronebreakers.com\/wp-content\/uploads\/2022\/11\/E1Gokart_Logo_CzarneTlo_Claim_Nowe-1536x476.png 1536w, https:\/\/dronebreakers.com\/wp-content\/uploads\/2022\/11\/E1Gokart_Logo_CzarneTlo_Claim_Nowe.png 1840w\" data-sizes=\"(max-width: 300px) 100vw, 300px\" src=\"data:image\/svg+xml;base64,PHN2ZyB3aWR0aD0iMSIgaGVpZ2h0PSIxIiB4bWxucz0iaHR0cDovL3d3dy53My5vcmcvMjAwMC9zdmciPjwvc3ZnPg==\" \/><\/a><\/figure>\n\n\n\n<p class=\"gutenify-section-8767b8d0-c455-11ee-8304-e5ca5421fcac has-foreground-color has-text-color has-medium-font-size gtfy-46\">&#8222;Ch\u0142opaki z Drone Breakers zrobili \u015bwietn\u0105 robot\u0119! Bardzo szybko zrozumieli nasz zamys\u0142 i klimat panuj\u0105cy na torze i doskonale uda\u0142o im si\u0119 pokaza\u0107 to, na czym nam zale\u017ca\u0142o!&nbsp;<\/p>\n\n\n\n<p class=\"gutenify-section-876806f0-c455-11ee-8304-e5ca5421fcac has-foreground-color has-text-color has-medium-font-size gtfy-47\">Lot na torze nie nale\u017ca\u0142 do \u0142atwych, a ch\u0142opaki spisali si\u0119 wy\u015bmienicie! Komunikacja, nawet po wykonanej us\u0142udze, pozytywne podej\u015bcie, g\u0142owy pe\u0142ne pomys\u0142\u00f3w i nietypowych rozwi\u0105za\u0144 &#8211; zdecydowanie POLECAMY! \ud83c\udfce\ufe0f\ud83d\udca8&#8221;<\/p>\n<\/div>\n\n\n\n<div class=\"wp-block-column is-vertically-aligned-center gutenify-section-87698d90-c455-11ee-8304-e5ca5421fcac is-layout-flow wp-block-column-is-layout-flow gtfy-50\">\n<figure data-aos-duration=\"1000\" class=\"wp-block-embed aligncenter is-type-video is-provider-youtube wp-block-embed-youtube wp-embed-aspect-16-9 wp-has-aspect-ratio gutenify-section-87696680-c455-11ee-8304-e5ca5421fcac gtfy-49\"><div class=\"wp-block-embed__wrapper\">\n<iframe title=\"E1Gokart Chorz\u00f3w one-shot\" width=\"500\" height=\"281\" data-src=\"https:\/\/www.youtube.com\/embed\/KpgozXaeNqM?feature=oembed\" frameborder=\"0\" allow=\"accelerometer; autoplay; clipboard-write; encrypted-media; gyroscope; picture-in-picture; web-share\" referrerpolicy=\"strict-origin-when-cross-origin\" allowfullscreen src=\"data:image\/svg+xml;base64,PHN2ZyB3aWR0aD0iMSIgaGVpZ2h0PSIxIiB4bWxucz0iaHR0cDovL3d3dy53My5vcmcvMjAwMC9zdmciPjwvc3ZnPg==\" class=\"lazyload\" data-load-mode=\"1\"><\/iframe>\n<\/div><\/figure>\n<\/div>\n<\/div>\n<\/div>\n\n\n\n<div class=\"wp-block-group alignfull gutenify-section-876c9ad0-c455-11ee-8304-e5ca5421fcac is-layout-constrained wp-block-group-is-layout-constrained gtfy-61\">\n<h2 class=\"wp-block-heading has-text-align-center gutenify-section-876a29d0-c455-11ee-8304-e5ca5421fcac has-text-color gtfy-53\" style=\"color:#f06200\">Silesia Drum<\/h2>\n\n\n\n<hr class=\"wp-block-separator has-text-color has-alpha-channel-opacity has-background gutenify-section-876a77f0-c455-11ee-8304-e5ca5421fcac gtfy-54\" style=\"background-color:#f06200;color:#f06200\"\/>\n\n\n\n<div class=\"wp-block-columns alignfull gutenify-section-876c4cb0-c455-11ee-8304-e5ca5421fcac is-layout-flex wp-container-core-columns-is-layout-28f84493 wp-block-columns-is-layout-flex gtfy-60\">\n<div class=\"wp-block-column is-vertically-aligned-center gutenify-section-876aed20-c455-11ee-8304-e5ca5421fcac is-layout-flow wp-block-column-is-layout-flow gtfy-56\">\n<figure data-aos-duration=\"1000\" class=\"wp-block-embed aligncenter is-type-video is-provider-youtube wp-block-embed-youtube wp-embed-aspect-16-9 wp-has-aspect-ratio gutenify-section-876a9f00-c455-11ee-8304-e5ca5421fcac gtfy-55\"><div class=\"wp-block-embed__wrapper\">\n<iframe title=\"SilesiaDrum one-shot\" width=\"500\" height=\"281\" data-src=\"https:\/\/www.youtube.com\/embed\/TqsGqpvypEs?feature=oembed\" frameborder=\"0\" allow=\"accelerometer; autoplay; clipboard-write; encrypted-media; gyroscope; picture-in-picture; web-share\" referrerpolicy=\"strict-origin-when-cross-origin\" allowfullscreen src=\"data:image\/svg+xml;base64,PHN2ZyB3aWR0aD0iMSIgaGVpZ2h0PSIxIiB4bWxucz0iaHR0cDovL3d3dy53My5vcmcvMjAwMC9zdmciPjwvc3ZnPg==\" class=\"lazyload\" data-load-mode=\"1\"><\/iframe>\n<\/div><\/figure>\n<\/div>\n\n\n\n<div data-aos-duration=\"1000\" class=\"wp-block-column is-vertically-aligned-center gutenify-section-876bd780-c455-11ee-8304-e5ca5421fcac is-layout-flow wp-block-column-is-layout-flow gtfy-59\" style=\"padding-right:var(--wp--preset--spacing--40);padding-left:var(--wp--preset--spacing--40)\">\n<figure class=\"wp-block-image aligncenter size-medium has-custom-border gutenify-section-876b3b40-c455-11ee-8304-e5ca5421fcac gtfy-57\"><a href=\"https:\/\/slaskiecentrumperkusyjne.pl\/?gclid=Cj0KCQiAg_KbBhDLARIsANx7wAwQnpxMsBrs_wrN25vlUbizNViO9A_J0mP8S3PZE6taXnIylFSqkk4aAm5jEALw_wcB\" target=\"_blank\" rel=\"noopener\"><img decoding=\"async\" width=\"300\" height=\"152\" data-src=\"https:\/\/dronebreakers.com\/wp-content\/uploads\/2022\/11\/obraz_2022-11-01_144854944-300x152.png\" alt=\"\" class=\"wp-image-269 lazyload\" style=\"--smush-placeholder-width: 300px; --smush-placeholder-aspect-ratio: 300\/152;border-radius:0px\" data-srcset=\"https:\/\/dronebreakers.com\/wp-content\/uploads\/2022\/11\/obraz_2022-11-01_144854944-300x152.png 300w, https:\/\/dronebreakers.com\/wp-content\/uploads\/2022\/11\/obraz_2022-11-01_144854944.png 493w\" data-sizes=\"(max-width: 300px) 100vw, 300px\" src=\"data:image\/svg+xml;base64,PHN2ZyB3aWR0aD0iMSIgaGVpZ2h0PSIxIiB4bWxucz0iaHR0cDovL3d3dy53My5vcmcvMjAwMC9zdmciPjwvc3ZnPg==\" \/><\/a><\/figure>\n\n\n\n<p class=\"gutenify-section-876b6250-c455-11ee-8304-e5ca5421fcac has-foreground-color has-text-color has-medium-font-size gtfy-58\">&#8222;Bardzo mi\u0142a wsp\u00f3\u0142praca, ch\u0142opaki bardzo powa\u017cnie podchodz\u0105 do tematu, s\u0105 elastyczni i pomys\u0142owi dzi\u0119ki czemu bardzo dobrze odnajduj\u0105 si\u0119 w trudnych warunkach. Materia\u0142 wygl\u0105da \u015bwietnie idealnie nadaje si\u0119 do cel\u00f3w reklamowych.&#8221;<\/p>\n<\/div>\n<\/div>\n<\/div>\n<\/section>\n\n\n\n<div class=\"wp-block-buttons gutenify-section-876f8100-c455-11ee-8304-e5ca5421fcac is-horizontal is-content-justification-center is-layout-flex wp-container-core-buttons-is-layout-fcb16b48 wp-block-buttons-is-layout-flex gtfy-66\" style=\"padding-top:var(--wp--preset--spacing--70)\">\n<div class=\"wp-block-button is-style-fill gutenify-section-876f32e0-c455-11ee-8304-e5ca5421fcac gtfy-65\"><a class=\"wp-block-button__link has-background-secondary-color has-text-color has-link-color has-text-align-center wp-element-button\" href=\"https:\/\/dronebreakers.com\/portfolio\/\">Wi\u0119cej realizacji<\/a><\/div>\n<\/div>\n\n\n\n<p class=\"gtfy-69\"><\/p>\n","protected":false},"excerpt":{"rendered":"<p>Jako DroneBreakers specjalizujemy si\u0119 zar\u00f3wno w dynamicznych jak i statycznych uj\u0119ciach z ziemi, dronami FPV [&hellip;]<\/p>\n","protected":false},"author":1,"featured_media":0,"parent":0,"menu_order":0,"comment_status":"closed","ping_status":"closed","template":"","meta":{"footnotes":""},"class_list":["post-822","page","type-page","status-publish","hentry"],"_links":{"self":[{"href":"https:\/\/dronebreakers.com\/pl\/wp-json\/wp\/v2\/pages\/822","targetHints":{"allow":["GET"]}}],"collection":[{"href":"https:\/\/dronebreakers.com\/pl\/wp-json\/wp\/v2\/pages"}],"about":[{"href":"https:\/\/dronebreakers.com\/pl\/wp-json\/wp\/v2\/types\/page"}],"author":[{"embeddable":true,"href":"https:\/\/dronebreakers.com\/pl\/wp-json\/wp\/v2\/users\/1"}],"replies":[{"embeddable":true,"href":"https:\/\/dronebreakers.com\/pl\/wp-json\/wp\/v2\/comments?post=822"}],"version-history":[{"count":45,"href":"https:\/\/dronebreakers.com\/pl\/wp-json\/wp\/v2\/pages\/822\/revisions"}],"predecessor-version":[{"id":1578,"href":"https:\/\/dronebreakers.com\/pl\/wp-json\/wp\/v2\/pages\/822\/revisions\/1578"}],"wp:attachment":[{"href":"https:\/\/dronebreakers.com\/pl\/wp-json\/wp\/v2\/media?parent=822"}],"curies":[{"name":"wp","href":"https:\/\/api.w.org\/{rel}","templated":true}]}}